{"id":19,"date":"2020-03-21T16:43:20","date_gmt":"2020-03-21T15:43:20","guid":{"rendered":"http:\/\/it.kbf.unist.hr\/?page_id=19"},"modified":"2020-03-23T20:37:13","modified_gmt":"2020-03-23T19:37:13","slug":"moodle","status":"publish","type":"page","link":"https:\/\/it.kbf.unist.hr\/index.php\/moodle\/","title":{"rendered":"E-u\u010denje"},"content":{"rendered":"\n<p><a href=\"https:\/\/moodle.org\/\">Moodle <\/a>je svjetski najpopularniji LMS program ( Learning Management System), tj. sustav za upravljanje pou\u010davanjem ili  sustav za e-u\u010denje.<\/p>\n\n\n\n<p>Na Katoli\u010dkom bogoslovnom fakultetu koristimo dvije moodle platforme za e-u\u010denje:<\/p>\n\n\n\n<ul class=\"wp-block-list\"><li><a href=\"https:\/\/loomen.carnet.hr\/\">Loomen<\/a> (CARNet)<\/li><li><a href=\"https:\/\/moodle.srce.hr\/\">Merlin <\/a>(SRCE)<\/li><\/ul>\n\n\n\n<p>Za kori\u0161tenje sustava na mobilnim ure\u0111ajima preporu\u010damo instaliranje mobilne aplikacije <a href=\"https:\/\/moodle.com\/app\/\">moodle<\/a>.<\/p>\n","protected":false},"excerpt":{"rendered":"<p>Moodle je svjetski najpopularniji LMS program ( Learning Management System), tj. sustav za upravljanje pou\u010davanjem ili sustav za e-u\u010denje. Na Katoli\u010dkom bogoslovnom fakultetu koristimo dvije moodle platforme za e-u\u010denje: Loomen (CARNet) Merlin (SRCE) Za kori\u0161tenje sustava na mobilnim ure\u0111ajima preporu\u010damo instaliranje mobilne aplikacije moodle.<\/p>\n","protected":false},"author":1,"featured_media":24,"parent":0,"menu_order":0,"comment_status":"closed","ping_status":"closed","template":"","meta":{"footnotes":""},"class_list":["post-19","page","type-page","status-publish","has-post-thumbnail","hentry"],"_links":{"self":[{"href":"https:\/\/it.kbf.unist.hr\/index.php\/wp-json\/wp\/v2\/pages\/19","targetHints":{"allow":["GET"]}}],"collection":[{"href":"https:\/\/it.kbf.unist.hr\/index.php\/wp-json\/wp\/v2\/pages"}],"about":[{"href":"https:\/\/it.kbf.unist.hr\/index.php\/wp-json\/wp\/v2\/types\/page"}],"author":[{"embeddable":true,"href":"https:\/\/it.kbf.unist.hr\/index.php\/wp-json\/wp\/v2\/users\/1"}],"replies":[{"embeddable":true,"href":"https:\/\/it.kbf.unist.hr\/index.php\/wp-json\/wp\/v2\/comments?post=19"}],"version-history":[{"count":4,"href":"https:\/\/it.kbf.unist.hr\/index.php\/wp-json\/wp\/v2\/pages\/19\/revisions"}],"predecessor-version":[{"id":52,"href":"https:\/\/it.kbf.unist.hr\/index.php\/wp-json\/wp\/v2\/pages\/19\/revisions\/52"}],"wp:featuredmedia":[{"embeddable":true,"href":"https:\/\/it.kbf.unist.hr\/index.php\/wp-json\/wp\/v2\/media\/24"}],"wp:attachment":[{"href":"https:\/\/it.kbf.unist.hr\/index.php\/wp-json\/wp\/v2\/media?parent=19"}],"curies":[{"name":"wp","href":"https:\/\/api.w.org\/{rel}","templated":true}]}}