{"id":25,"date":"2020-03-21T17:02:20","date_gmt":"2020-03-21T16:02:20","guid":{"rendered":"http:\/\/it.kbf.unist.hr\/?page_id=25"},"modified":"2020-03-23T20:40:43","modified_gmt":"2020-03-23T19:40:43","slug":"webinar","status":"publish","type":"page","link":"https:\/\/it.kbf.unist.hr\/index.php\/webinar\/","title":{"rendered":"Webinar"},"content":{"rendered":"\n<p> Webinar (eng. web based seminar) je alat koji omogu\u0107ava komunikaciju, suradnju i skupni rada putem ra\u010dunala. Sustav za webinare omogu\u0107ava odr\u017eavanje predavanja, radionica i seminara koji se prenose internetom, a uklju\u010duju video, audio i tekstnu komunikaciju me\u0111u korisnicima. Glavna zna\u010dajka webinara njihova je interaktivnost, odnosno mogu\u0107nost davanja, primanja i komentiranja informacije, \u0161to omogu\u0107ava interakciju izme\u0111u predava\u010da i sudionika koji se nalaze na vi\u0161e razli\u010ditih fizi\u010dkih lokacija.&nbsp; <\/p>\n\n\n\n<p>U sustavu visokog obrazovanja mogu se koristiti slijede\u0107i sustavi za webinare: <\/p>\n\n\n\n<ul class=\"wp-block-list\"><li><a href=\"https:\/\/www.srce.unizg.hr\/sustav-za-webinare\/prirucnici-i-animacije-o-sustavu-za-webinare\">Sustav za webinare<\/a> pri Centru za e-u\u010denja na SRCE-u.<\/li><li><a href=\"https:\/\/www.carnet.hr\/usluga\/carnet-videokonferencije\/\">Sustav za videokonferencije<\/a> pri CARNet-u<\/li><\/ul>\n\n\n\n<p>Kao sustav za video konferenciju mo\u017ee se koristiti i MS Teams aplikacija, koja je sastavni dio <a href=\"https:\/\/login.microsoftonline.com\/\">Office365 <\/a>paketa koji je besplatan za sve nastavnike i studente.<\/p>\n\n\n\n<p><\/p>\n","protected":false},"excerpt":{"rendered":"<p>Webinar (eng. web based seminar) je alat koji omogu\u0107ava komunikaciju, suradnju i skupni rada putem ra\u010dunala. Sustav za webinare omogu\u0107ava odr\u017eavanje predavanja, radionica i seminara koji se prenose internetom, a uklju\u010duju video, audio i tekstnu komunikaciju me\u0111u korisnicima. Glavna zna\u010dajka webinara njihova je interaktivnost, odnosno mogu\u0107nost davanja, primanja i komentiranja informacije, \u0161to omogu\u0107ava interakciju izme\u0111u [&hellip;]<\/p>\n","protected":false},"author":1,"featured_media":76,"parent":0,"menu_order":0,"comment_status":"closed","ping_status":"closed","template":"","meta":{"footnotes":""},"class_list":["post-25","page","type-page","status-publish","has-post-thumbnail","hentry"],"_links":{"self":[{"href":"https:\/\/it.kbf.unist.hr\/index.php\/wp-json\/wp\/v2\/pages\/25","targetHints":{"allow":["GET"]}}],"collection":[{"href":"https:\/\/it.kbf.unist.hr\/index.php\/wp-json\/wp\/v2\/pages"}],"about":[{"href":"https:\/\/it.kbf.unist.hr\/index.php\/wp-json\/wp\/v2\/types\/page"}],"author":[{"embeddable":true,"href":"https:\/\/it.kbf.unist.hr\/index.php\/wp-json\/wp\/v2\/users\/1"}],"replies":[{"embeddable":true,"href":"https:\/\/it.kbf.unist.hr\/index.php\/wp-json\/wp\/v2\/comments?post=25"}],"version-history":[{"count":5,"href":"https:\/\/it.kbf.unist.hr\/index.php\/wp-json\/wp\/v2\/pages\/25\/revisions"}],"predecessor-version":[{"id":51,"href":"https:\/\/it.kbf.unist.hr\/index.php\/wp-json\/wp\/v2\/pages\/25\/revisions\/51"}],"wp:featuredmedia":[{"embeddable":true,"href":"https:\/\/it.kbf.unist.hr\/index.php\/wp-json\/wp\/v2\/media\/76"}],"wp:attachment":[{"href":"https:\/\/it.kbf.unist.hr\/index.php\/wp-json\/wp\/v2\/media?parent=25"}],"curies":[{"name":"wp","href":"https:\/\/api.w.org\/{rel}","templated":true}]}}