{"id":31,"date":"2020-03-21T17:27:27","date_gmt":"2020-03-21T16:27:27","guid":{"rendered":"http:\/\/it.kbf.unist.hr\/?page_id=31"},"modified":"2020-03-24T11:01:46","modified_gmt":"2020-03-24T10:01:46","slug":"office-365","status":"publish","type":"page","link":"https:\/\/it.kbf.unist.hr\/index.php\/office-365\/","title":{"rendered":"Izrada sadr\u017eaja"},"content":{"rendered":"\n<h3 class=\"wp-block-heading\">Office365<\/h3>\n\n\n\n<p><a href=\"https:\/\/login.microsoftonline.com\/\">Office 365<\/a> je usluga koja omogu\u0107uje obrazovnim institucijama i njezinim zaposlenicima, u\u010diteljima, nastavnicima i u\u010denicima besplatan pristup Office365 alatima (Word, Excel, PowerPoint, OneNote, Teams i dr.). Office 365 nudi mnogo usluga kojima se mogu koristiti s vlastita ra\u010dunala, mobilnoga telefona ili sa \u0161kolskoga ra\u010dunala (mo\u017ee se instalirati na do 5 ure\u0111aja)<\/p>\n\n\n\n<p>Obzirom da KBF koristi Office365 na domeni @kbf.unist.hr nije mogu\u0107a autentikacija putem AAI elektroni\u010dkog identiteta @kbf-st.hr, ve\u0107 je potrebno zatra\u017eiti otvaranje ra\u010duna.<\/p>\n","protected":false},"excerpt":{"rendered":"<p>Office365 Office 365 je usluga koja omogu\u0107uje obrazovnim institucijama i njezinim zaposlenicima, u\u010diteljima, nastavnicima i u\u010denicima besplatan pristup Office365 alatima (Word, Excel, PowerPoint, OneNote, Teams i dr.). Office 365 nudi mnogo usluga kojima se mogu koristiti s vlastita ra\u010dunala, mobilnoga telefona ili sa \u0161kolskoga ra\u010dunala (mo\u017ee se instalirati na do 5 ure\u0111aja) Obzirom da KBF [&hellip;]<\/p>\n","protected":false},"author":1,"featured_media":0,"parent":0,"menu_order":0,"comment_status":"closed","ping_status":"closed","template":"","meta":{"footnotes":""},"class_list":["post-31","page","type-page","status-publish","hentry"],"_links":{"self":[{"href":"https:\/\/it.kbf.unist.hr\/index.php\/wp-json\/wp\/v2\/pages\/31","targetHints":{"allow":["GET"]}}],"collection":[{"href":"https:\/\/it.kbf.unist.hr\/index.php\/wp-json\/wp\/v2\/pages"}],"about":[{"href":"https:\/\/it.kbf.unist.hr\/index.php\/wp-json\/wp\/v2\/types\/page"}],"author":[{"embeddable":true,"href":"https:\/\/it.kbf.unist.hr\/index.php\/wp-json\/wp\/v2\/users\/1"}],"replies":[{"embeddable":true,"href":"https:\/\/it.kbf.unist.hr\/index.php\/wp-json\/wp\/v2\/comments?post=31"}],"version-history":[{"count":4,"href":"https:\/\/it.kbf.unist.hr\/index.php\/wp-json\/wp\/v2\/pages\/31\/revisions"}],"predecessor-version":[{"id":54,"href":"https:\/\/it.kbf.unist.hr\/index.php\/wp-json\/wp\/v2\/pages\/31\/revisions\/54"}],"wp:attachment":[{"href":"https:\/\/it.kbf.unist.hr\/index.php\/wp-json\/wp\/v2\/media?parent=31"}],"curies":[{"name":"wp","href":"https:\/\/api.w.org\/{rel}","templated":true}]}}