{"id":34,"date":"2020-03-21T17:37:17","date_gmt":"2020-03-21T16:37:17","guid":{"rendered":"http:\/\/it.kbf.unist.hr\/?page_id=34"},"modified":"2020-03-24T10:53:00","modified_gmt":"2020-03-24T09:53:00","slug":"literatura","status":"publish","type":"page","link":"https:\/\/it.kbf.unist.hr\/index.php\/literatura\/","title":{"rendered":"Literatura"},"content":{"rendered":"\n<p>Pristup <a href=\"https:\/\/baze2.nsk.hr\/baze-po-podrucjima\/humanisticke-znanosti\/\">bazama podataka<\/a> na NSK portalu elektroni\u010dkih izvora za hrvatsku akademsku i znanstvenu zajednicu izvan institucije mogu\u0107e je ostvariti putem elektroni\u010dkog AAI@EduHr identiteta koji imaju zaposlenici, nastavnici i studenti svake ustanove iz sustava Ministarstva znanosti i obrazovanja.<\/p>\n\n\n\n<p> <a href=\"https:\/\/hrcak.srce.hr\/\">Hr\u010dak <\/a>je centralni portal koji na jednom mjestu okuplja hrvatske znanstvene i stru\u010dne \u010dasopise koji nude otvoreni pristup svojim radovima (<a href=\"https:\/\/hrcak.srce.hr\/index.php?show=text&amp;str=vise\">vi\u0161e<\/a>). <\/p>\n\n\n\n<p><a href=\"http:\/\/ojs.kbf.unist.hr\/\">OJS portal KBF-a<\/a> objavio je sve znanstvene \u010dlanke tiskane u zbornicima me\u0111unarodnih znanstvenih skupova odr\u017eanih na KBF-u.<\/p>\n\n\n\n<p><a href=\"http:\/\/library.foi.hr\/m3\/k.aspx?B=1414\">On-line pretraga Kataloga<\/a> naslova koji su uknji\u017enici KBF-a omogu\u0107ava Vam uvid u stanje i dostupnost knji\u017enog fonda KBF-a.<\/p>\n","protected":false},"excerpt":{"rendered":"<p>Pristup bazama podataka na NSK portalu elektroni\u010dkih izvora za hrvatsku akademsku i znanstvenu zajednicu izvan institucije mogu\u0107e je ostvariti putem elektroni\u010dkog AAI@EduHr identiteta koji imaju zaposlenici, nastavnici i studenti svake ustanove iz sustava Ministarstva znanosti i obrazovanja. Hr\u010dak je centralni portal koji na jednom mjestu okuplja hrvatske znanstvene i stru\u010dne \u010dasopise koji nude otvoreni pristup [&hellip;]<\/p>\n","protected":false},"author":1,"featured_media":97,"parent":0,"menu_order":0,"comment_status":"closed","ping_status":"closed","template":"","meta":{"footnotes":""},"class_list":["post-34","page","type-page","status-publish","has-post-thumbnail","hentry"],"_links":{"self":[{"href":"https:\/\/it.kbf.unist.hr\/index.php\/wp-json\/wp\/v2\/pages\/34","targetHints":{"allow":["GET"]}}],"collection":[{"href":"https:\/\/it.kbf.unist.hr\/index.php\/wp-json\/wp\/v2\/pages"}],"about":[{"href":"https:\/\/it.kbf.unist.hr\/index.php\/wp-json\/wp\/v2\/types\/page"}],"author":[{"embeddable":true,"href":"https:\/\/it.kbf.unist.hr\/index.php\/wp-json\/wp\/v2\/users\/1"}],"replies":[{"embeddable":true,"href":"https:\/\/it.kbf.unist.hr\/index.php\/wp-json\/wp\/v2\/comments?post=34"}],"version-history":[{"count":5,"href":"https:\/\/it.kbf.unist.hr\/index.php\/wp-json\/wp\/v2\/pages\/34\/revisions"}],"predecessor-version":[{"id":48,"href":"https:\/\/it.kbf.unist.hr\/index.php\/wp-json\/wp\/v2\/pages\/34\/revisions\/48"}],"wp:featuredmedia":[{"embeddable":true,"href":"https:\/\/it.kbf.unist.hr\/index.php\/wp-json\/wp\/v2\/media\/97"}],"wp:attachment":[{"href":"https:\/\/it.kbf.unist.hr\/index.php\/wp-json\/wp\/v2\/media?parent=34"}],"curies":[{"name":"wp","href":"https:\/\/api.w.org\/{rel}","templated":true}]}}