{"id":89,"date":"2020-03-24T10:38:37","date_gmt":"2020-03-24T09:38:37","guid":{"rendered":"https:\/\/it.kbf.unist.hr\/?page_id=89"},"modified":"2020-03-24T10:44:24","modified_gmt":"2020-03-24T09:44:24","slug":"aai-identitet","status":"publish","type":"page","link":"https:\/\/it.kbf.unist.hr\/index.php\/aai-identitet\/","title":{"rendered":"AAI identitet"},"content":{"rendered":"\n<p>Da bi nastavnici mogli pristupati Nastavni\u010dkom portalu, a studenti Studomatu potreban im je AAI identitet. Potreban Vam je i ako se \u017eelite spojiti na eduroam (wi-fi mre\u017eu na fakultetu), te za razne druge usluge koje pru\u017eaju\u00a0<a href=\"http:\/\/www.carnet.hr\/usluge\">CARNet\u00a0<\/a>i\u00a0<a href=\"http:\/\/www.srce.unizg.hr\/\">SRCE<\/a>, te sredi\u0161nji dr\u017eavni portal <a href=\"https:\/\/pretinac.gov.hr\/KorisnickiPretinac\/eGradani.html\">e-gra\u0111ani<\/a>. Korisnici imaju pravo na elektroni\u010dki identitet u sustavu AAI@EduHr dokle god traje njihova povezanost s mati\u010dnom ustanovom u kojoj su elektroni\u010dki identitet dobili i mogu ga zatra\u017eiti u\u00a0<a href=\"https:\/\/www.kbf.unist.hr\/index.php\/hr\/o-fakultetu\/sluzbe\/34-racunalni-ured\/7-zeljko-matas\">ra\u010dunalnom uredu.<\/a><\/p>\n\n\n\n<p>Koje osobne podatke prikupljamo u\u00a0<a href=\"https:\/\/www.aaiedu.hr\/\">AAI@EduHr\u00a0sustavu<\/a>\u00a0i za\u0161to, koliko dugo ih \u010duvamo, te kome ih sve dajemo na uvid, mo\u017eete pro\u010ditati u\u00a0<a href=\"https:\/\/www.kbf.unist.hr\/hr\/naslovnica\/pravo-na-pristup-informacijama\/999-obavijest-o-privatnosti-maticne-ustanove-u-sustavu-aai-eduhr\">Obavijesti o privatnosti u sustavu AAI@EduHr<\/a>.\u00a0Informacijsko odr\u017eavanje AAI identiteta regulirano je\u00a0<a href=\"https:\/\/www.kbf.unist.hr\/images\/dok\/pravilnici\/Pravila_za_informacijsko_odrzavanje_imenika_KBF-a.pdf\">Pravilnikom<\/a>. Zaporku mo\u017eete promijeniti na poveznici\u00a0<a href=\"https:\/\/login.aaiedu.hr\/promjenazaporke\">https:\/\/login.aaiedu.hr\/promjenazaporke<\/a><\/p>\n","protected":false},"excerpt":{"rendered":"<p>Da bi nastavnici mogli pristupati Nastavni\u010dkom portalu, a studenti Studomatu potreban im je AAI identitet. Potreban Vam je i ako se \u017eelite spojiti na eduroam (wi-fi mre\u017eu na fakultetu), te za razne druge usluge koje pru\u017eaju\u00a0CARNet\u00a0i\u00a0SRCE, te sredi\u0161nji dr\u017eavni portal e-gra\u0111ani. Korisnici imaju pravo na elektroni\u010dki identitet u sustavu AAI@EduHr dokle god traje njihova povezanost [&hellip;]<\/p>\n","protected":false},"author":1,"featured_media":90,"parent":0,"menu_order":0,"comment_status":"closed","ping_status":"closed","template":"","meta":{"footnotes":""},"class_list":["post-89","page","type-page","status-publish","has-post-thumbnail","hentry"],"_links":{"self":[{"href":"https:\/\/it.kbf.unist.hr\/index.php\/wp-json\/wp\/v2\/pages\/89","targetHints":{"allow":["GET"]}}],"collection":[{"href":"https:\/\/it.kbf.unist.hr\/index.php\/wp-json\/wp\/v2\/pages"}],"about":[{"href":"https:\/\/it.kbf.unist.hr\/index.php\/wp-json\/wp\/v2\/types\/page"}],"author":[{"embeddable":true,"href":"https:\/\/it.kbf.unist.hr\/index.php\/wp-json\/wp\/v2\/users\/1"}],"replies":[{"embeddable":true,"href":"https:\/\/it.kbf.unist.hr\/index.php\/wp-json\/wp\/v2\/comments?post=89"}],"version-history":[{"count":3,"href":"https:\/\/it.kbf.unist.hr\/index.php\/wp-json\/wp\/v2\/pages\/89\/revisions"}],"predecessor-version":[{"id":95,"href":"https:\/\/it.kbf.unist.hr\/index.php\/wp-json\/wp\/v2\/pages\/89\/revisions\/95"}],"wp:featuredmedia":[{"embeddable":true,"href":"https:\/\/it.kbf.unist.hr\/index.php\/wp-json\/wp\/v2\/media\/90"}],"wp:attachment":[{"href":"https:\/\/it.kbf.unist.hr\/index.php\/wp-json\/wp\/v2\/media?parent=89"}],"curies":[{"name":"wp","href":"https:\/\/api.w.org\/{rel}","templated":true}]}}